{"id":86,"date":"2022-12-18T20:29:23","date_gmt":"2022-12-18T20:29:23","guid":{"rendered":"https:\/\/www.hyemisart.com\/?page_id=86"},"modified":"2022-12-19T20:03:21","modified_gmt":"2022-12-19T20:03:21","slug":"elementor-86","status":"publish","type":"page","link":"https:\/\/www.hyemisart.com\/index.php\/elementor-86\/","title":{"rendered":"FAQ"},"content":{"rendered":"\t\t<div data-elementor-type=\"wp-page\" data-elementor-id=\"86\" class=\"elementor elementor-86\">\n\t\t\t\t\t\t\t\t\t<section class=\"elementor-section elementor-top-section elementor-element elementor-element-4c78f4e5 elementor-section-stretched elementor-section-full_width elementor-section-height-default elementor-section-height-default\" data-id=\"4c78f4e5\" data-element_type=\"section\" data-settings=\"{&quot;stretch_section&quot;:&quot;section-stretched&quot;,&quot;background_background&quot;:&quot;classic&quot;}\">\n\t\t\t\t\t\t<div class=\"elementor-container elementor-column-gap-default\">\n\t\t\t\t\t<div class=\"elementor-column elementor-col-100 elementor-top-column elementor-element elementor-element-7dff220b\" data-id=\"7dff220b\" data-element_type=\"column\">\n\t\t\t<div class=\"elementor-widget-wrap elementor-element-populated\">\n\t\t\t\t\t\t\t\t<div class=\"elementor-element elementor-element-7254fed5 faqh1 elementor-widget elementor-widget-heading\" data-id=\"7254fed5\" data-element_type=\"widget\" id=\"faqh1\" data-widget_type=\"heading.default\">\n\t\t\t\t<div class=\"elementor-widget-container\">\n\t\t\t<h1 class=\"elementor-heading-title elementor-size-default\">1. Materiales y programas<\/h1>\t\t<\/div>\n\t\t\t\t<\/div>\n\t\t\t\t<div class=\"elementor-element elementor-element-3b7dee3f faq1 elementor-widget elementor-widget-text-editor\" data-id=\"3b7dee3f\" data-element_type=\"widget\" id=\"faq1\" data-widget_type=\"text-editor.default\">\n\t\t\t\t<div class=\"elementor-widget-container\">\n\t\t\t\t\t\t\t<div class=\"polig\" style=\"width: 25px; height: 25px; background: #8d61bf; float: left; margin-top: 6px;\">\u00a0<\/div><h2 class=\"p2\">\u00a0\u00bfQu\u00e9 programa utilizas para realizar las ilustraciones o proyectos?<\/h2><p>Usualmente trabajo en PhotoShop 2020, aunque tambi\u00e9n utilizo bastante el Illustrator, After Effects e InDesign.<br \/><br \/><\/p><div class=\"polig\" style=\"width: 25px; height: 25px; background: #8d61bf; float: left; margin-top: 6px;\">\u00a0<\/div><h2 class=\"p2\">\u00a0\u00bfQu\u00e9 software usas para hacer los modelos 3D?<\/h2><p>Desde la universidad, me ense\u00f1aron siempre a usar Maya, por lo que trabajo siempre con su \u00faltima versi\u00f3n. No obstante, cuando se trata de modelaje, tambi\u00e9n estoy estudiando por mi cuenta el zBrush.<br \/><br \/><br \/><\/p><div class=\"polig\" style=\"width: 25px; height: 25px; background: #8d61bf; float: left; margin-top: 6px;\">\u00a0<\/div><h2 class=\"p2\">\u00a0\u00bfQu\u00e9 tableta gr\u00e1fica usas?<\/h2><p>Actualmente tengo una Huion GTX-190, es un monitor gr\u00e1fico muy grande. Si he trabajar fuera de casa, utilizo mi antigua tableta, una Wacom MTE-450 ya que es m\u00e1s m\u00f3vil.<br \/><br \/><br \/><\/p><div class=\"polig\" style=\"width: 25px; height: 25px; background: #8d61bf; float: left; margin-top: 6px;\">\u00a0<\/div><h2 class=\"p2\">\u00a0\u00bfCon qu\u00e9 programa haces las introducciones de tus videos?<\/h2><p>Mi gran amigo After Effects, muy recomendable para hacer animaciones gr\u00e1ficas.<br \/><br \/><br \/><\/p><div class=\"polig\" style=\"width: 25px; height: 25px; background: #8d61bf; float: left; margin-top: 6px;\">\u00a0<\/div><h2 class=\"p2\">\u00a0\u00bfQu\u00e9 utilizas para emitir tus directos?<\/h2><p>Un software libre llamado OBS.<\/p><p>\u00a0<\/p>\t\t\t\t\t\t<\/div>\n\t\t\t\t<\/div>\n\t\t\t\t<div class=\"elementor-element elementor-element-55f312d3 faqh2 elementor-widget elementor-widget-heading\" data-id=\"55f312d3\" data-element_type=\"widget\" id=\"faqh2\" data-widget_type=\"heading.default\">\n\t\t\t\t<div class=\"elementor-widget-container\">\n\t\t\t<h1 class=\"elementor-heading-title elementor-size-default\">2. En relaci\u00f3n al arte & recursos<\/h1>\t\t<\/div>\n\t\t\t\t<\/div>\n\t\t\t\t<div class=\"elementor-element elementor-element-74cbf8d8 faq2 elementor-widget elementor-widget-text-editor\" data-id=\"74cbf8d8\" data-element_type=\"widget\" id=\"faq2\" data-widget_type=\"text-editor.default\">\n\t\t\t\t<div class=\"elementor-widget-container\">\n\t\t\t\t\t\t\t<div style=\"width: 25px; height: 25px; background: #e84c95; float: left; margin-top: 6px;\">\u00a0<\/div><h2>\u00a0\u00bfDesde cu\u00e1ndo dibujas?<\/h2><p>Empec\u00e9 a dibujar realmente cuando mis padres me regalaron mi primera tableta gr\u00e1fica en el 2016. S\u00ed es cierto que cuando era m\u00e1s peque\u00f1a ilustraba en una peque\u00f1a libreta algunos personajes favoritos, pero nunca fue mi ideal. A decir verdad, odiaba dibujar en papel. Aun al d\u00eda de hoy, soy muy reacia al mundo tradicional de la ilustraci\u00f3n.<\/p><div style=\"width: 25px; height: 25px; background: #e84c95; float: left; margin-top: 6px;\">\u00a0<\/div><h2>\u00a0\u00bfY cu\u00e1ndo empezaste con el 3D?<\/h2><p>Siempre me ha llamado much\u00edsimo la atenci\u00f3n, incluso desde muy peque\u00f1a. Lamentablemente, nunca tuve el coraje de tocar un programa de modelaci\u00f3n hasta que llegu\u00e9 a la universidad (2013). S\u00e9 que aun tengo much\u00edsimo camino por aprender, pero es un campo que disfruto y quiero dedicarle mi tiempo.<\/p><div style=\"width: 25px; height: 25px; background: #e84c95; float: left; margin-top: 6px;\">\u00a0<\/div><h2>\u00a0\u00bfFuiste a una escuela de arte?<\/h2><p>Mi universidad se especializa en el campo de audiovisuales y multimedia, por lo que domino bastante bien las herramientas y los conceptos de dise\u00f1o gr\u00e1fico. Sin embargo, soy completamente autodid\u00e1ctica en lo que se refiere a dibujo y animaci\u00f3n, me encanta aprender siempre cosas nuevas. Aun as\u00ed, es cierto que se pueden pbservar algunas debilidades en las bases de mis ilustraciones. <\/p><div style=\"width: 25px; height: 25px; background: #e84c95; float: left; margin-top: 6px;\">\u00a0<\/div><h2>\u00a0\u00bfCu\u00e1nto tiempo necesitas para hacer un dibujo?<\/h2><p>No sabr\u00eda ponerte un tiempo estimado. Cada dibujo es un mundo, sin mencionar que se le a\u00f1aden detalles como el color, el estilo, el lineado&#8230; Para poder un ejemplo, un peque\u00f1o dibujo chibi sin fondo o con un fondo ilustrado (vectorizado) ser\u00eda alrededor de 4h.<\/p><div style=\"width: 25px; height: 25px; background: #e84c95; float: left; margin-top: 6px;\">\u00a0<\/div><h2>\u00a0\u00bfCu\u00e1nto tiempo necesitas para hacer un modelo 3D?<\/h2><p>No puedo darte una respuesta concisa a \u00e9sto. Cada personaje u objeto tiene sus caracter\u00edsticas. Puede ser que para un modelo simple tarde cerca de 4h y para un modelo complicado incluso d\u00edas.<\/p><div style=\"width: 25px; height: 25px; background: #e84c95; float: left; margin-top: 6px;\">\u00a0<\/div><h2>\u00a0\u00bfPuedo copiar tu estilo?<\/h2><p>Puedes imitar mi estilo sin ning\u00fan tipo de problema, no existe un copyright en los objetos solos. Si quieres tratar de hacer un elemento, una pose, un tipo de color, adelante. Solo te pido que trates de hacerlo como aprendizaje, estudiando el c\u00f3mo se hace y adaptandolo poco a poco a tu forma de ser. Seguro que lo lograr\u00e1s. Recuerda que usar de <b>referente<\/b> un dibujo no significa <b>copiar\/calcar<\/b>. As\u00ed que si quieres trazar una ilustraci\u00f3n \u00edntegra m\u00eda, vas por mal camino. Tienes <b>prohibido reproducir mis dibujos<\/b> si no es m\u00e9ramente como experimento, adem\u00e1s de publicarlo otorgando los cr\u00e9ditos adientes.<\/p><div style=\"width: 25px; height: 25px; background: #e84c95; float: left; margin-top: 6px;\">\u00a0<\/div><h2>\u00a0\u00bfPuedo copiar\/vender\/modificar\/resubir tus dibujos?<\/h2><p>No. No puedes hacer nada de eso, queda totalmente <b>prohibido<\/b>.<\/p><div style=\"width: 25px; height: 25px; background: #e84c95; float: left; margin-top: 6px;\">\u00a0<\/div><h2>\u00a0\u00bfQu\u00e9 pinceles utilizas?<\/h2><p>En Photoshop tengo muchos pinceles, texturas y fondos. En breves realizar\u00e9 un paquete para todos.<\/p><div style=\"width: 25px; height: 25px; background: #e84c95; float: left; margin-top: 6px;\">\u00a0<\/div><h2>\u00a0\u00bfDe d\u00f3nde consigues esos materiales (pinceles, texturas&#8230;)?<\/h2><p>Las busco mediante google. Unas veces acabo en Youtube, otras DevianArt y otras en plataformas menos conocidas. Si pruebas buscando \u00abbubble brush\u00bb en google comprender\u00e1s el m\u00e9todo.<\/p><div style=\"width: 25px; height: 25px; background: #e84c95; float: left; margin-top: 6px;\">\u00a0<\/div><h2>\u00a0\u00bfD\u00f3nde obtuviste Krita y Photoshop?<\/h2><p>Desde su p\u00e1gina oficial. Krita es software de dibujo completamente gratuito, y en cambio Photoshop tiene una versi\u00f3n de prueba y luego debes comprar su software.<\/p><div style=\"width: 25px; height: 25px; background: #e84c95; float: left; margin-top: 6px;\">\u00a0<\/div><h2>\u00a0\u00bfD\u00f3nde descargaste Maya, Zbrush y Rhinoceros?<\/h2><p>Maya tiene una versi\u00f3n de prueba para uso no comercial, Zbrush y Rhinoceros tienen una versi\u00f3n de prueba y luego deber\u00e1s pagar para continuar usandolos.<\/p><div style=\"width: 25px; height: 25px; background: #e84c95; float: left; margin-top: 6px;\">\u00a0<\/div><h2>\u00a0\u00bfTienes alg\u00fan tutorial?<\/h2><p>He realizado algunos en algunos foros, no obstante voy a crear pr\u00f3ximamente en tutoriales en formato imagen o en video. Si quieres mantenerte al d\u00eda, no olvides volverte un seguidor en alguna de mis redes sociales.<\/p><div style=\"width: 25px; height: 25px; background: #e84c95; float: left; margin-top: 6px;\">\u00a0<\/div><h2>\u00a0\u00bfAceptas cr\u00edticas? \u00bfPuedo criticar o corregir los errores de tus proyectos?<\/h2><p>S\u00ed, puedes hacerlo y con mucho gusto lo leer\u00e9, no obstante para aceptarlo debe ser una cr\u00edtica constructiva. Tambi\u00e9n quiero que entiendas que a todas mis creaciones les pongo todo mi coraz\u00f3n y, aunque el resultado sea distinto del esperado, puede tener caracter\u00edsticas que he querido hacer por alguna raz\u00f3n. Un ejemplo es dibujar un personaje y que \u00e9ste tenga los ojos y pies bien grandes.<\/p>\t\t\t\t\t\t<\/div>\n\t\t\t\t<\/div>\n\t\t\t\t<div class=\"elementor-element elementor-element-8af3bfd faqh3 elementor-widget elementor-widget-heading\" data-id=\"8af3bfd\" data-element_type=\"widget\" id=\"faqh3\" data-widget_type=\"heading.default\">\n\t\t\t\t<div class=\"elementor-widget-container\">\n\t\t\t<h1 class=\"elementor-heading-title elementor-size-default\">3. Personal<\/h1>\t\t<\/div>\n\t\t\t\t<\/div>\n\t\t\t\t<div class=\"elementor-element elementor-element-53b69edc faq3 elementor-widget elementor-widget-text-editor\" data-id=\"53b69edc\" data-element_type=\"widget\" data-widget_type=\"text-editor.default\">\n\t\t\t\t<div class=\"elementor-widget-container\">\n\t\t\t\t\t\t\t<div class=\"polig\" style=\"width: 25px; height: 25px; background: #81c1ef; float: left; margin-top: 6px;\">\u00a0<\/div><h2 class=\"p2\">\u00a0\u00bfQu\u00e9 te inspir\u00f3 para el mundo digital?<\/h2><p>Soy una persona que vive much\u00edsimo en el ordenador. Desde peque\u00f1a, he amado los videojuegos y las animaciones, por lo que me fue imposible no querer probar hacer algo con relaci\u00f3n a \u00e9sto. Hacer animaciones, dibujos, dise\u00f1os, \u00a1me apasiona! Es que no existe ning\u00fan d\u00eda en nuestro mundo que alguien no vea un contenido gr\u00e1fico, era cuesti\u00f3n de tiempo que mi coraz\u00f3n palpitase al ver las creaciones de los dem\u00e1s, de esos artistas que realizan una parte de ellos con todo su amor.<\/p><div class=\"polig\" style=\"width: 25px; height: 25px; background: #81c1ef; float: left; margin-top: 6px;\">\u00a0<\/div><h2 class=\"p2\">\u00a0\u00bfC\u00f3mo te llamas? \u00bfPor qu\u00e9 Hyemi?<\/h2><p>Mi nombre real es Janet, pero muchas personas de mi entorno social me llaman Hyemi. Hyemi (\ud61c\ubbf8) es un nombre coreano con el significado \u00abllena de gracia\u00bb \u00abllena de bondad\u00bb. Su pronunciaci\u00f3n real es \u00abj\u00e8-mi-ae\u00bb, no obstante, m\u00e1s bien lo pronuncian (yo incluida) \u00abji-e-mi\u00bb. Intenta recordar este dato, por favor.<\/p><p>Conoc\u00ed ese nombre en un personaje de mis novelas favoritas, Dream High, y me vi muy reflejada en dicho personaje. Empec\u00e9 a utilizarlo como nombre en los juegos y acab\u00e9 siendo llamada como \u00e9sta por gran parte de mi entorno. Confieso que tengo m\u00e1s sobrenombres, pero es un dato que solo conocen mis amigos cercanos.<\/p><div class=\"polig\" style=\"width: 25px; height: 25px; background: #81c1ef; float: left; margin-top: 6px;\">\u00a0<\/div><h2 class=\"p2\">\u00a0\u00bfQu\u00e9 idiomas hablas?<\/h2><p>Castellano y catal\u00e1n. Tambi\u00e9n me defiendo con el ingl\u00e9s, pero no soy una experta. Adem\u00e1s, conozco un poco de coreano (b\u00e1sico) e italiano.<\/p><div class=\"polig\" style=\"width: 25px; height: 25px; background: #81c1ef; float: left; margin-top: 6px;\">\u00a0<\/div><h2 class=\"p2\">\u00a0\u00bfDe d\u00f3nde eres?<\/h2><p>Soy de Espa\u00f1a, aunque tengo ticks de diferentes hablas por estar rodeada siempre de muchas personas de diferentes procedencias.<\/p><div class=\"polig\" style=\"width: 25px; height: 25px; background: #81c1ef; float: left; margin-top: 6px;\">\u00a0<\/div><h2 class=\"p2\">\u00a0\u00bfQu\u00e9 edad tienes?<\/h2><p>No es una pregunta que me haga mucha gracia. No soy partidaria de mostrar mi edad, pero os mencionar\u00e9 que nac\u00ed el 27 de diciembre.<\/p><div class=\"polig\" style=\"width: 25px; height: 25px; background: #81c1ef; float: left; margin-top: 6px;\">\u00a0<\/div><h2 class=\"p2\">\u00a0\u00bfPuedo saber m\u00e1s de ti?<\/h2><p>S\u00ed, puedes darle un ojo a mi p\u00e1gina de <a href=\"http:\/\/hyemistarlight.com\/about-me\/\">about me (sobre m\u00ed)<\/a> y conocerme un poco en mi d\u00eda a d\u00eda a trav\u00e9s de <a href=\"https:\/\/hyemistarlight.com\/social-network\/\">las redes sociales.<\/a><\/p><div class=\"polig\" style=\"width: 25px; height: 25px; background: #81c1ef; float: left; margin-top: 6px;\">\u00a0<\/div><h2 class=\"p2\">\u00a0\u00bfQuisiera contactarte, c\u00f3mo debo hacerlo?<\/h2><p>A trav\u00e9s del formulario de contacto que encontrar\u00e1s al final de la p\u00e1gina, mediante correo electr\u00f3nico (janet.gf@outlook.com) o a trav\u00e9s de mis redes sociales.<\/p><div class=\"polig\" style=\"width: 25px; height: 25px; background: #81c1ef; float: left; margin-top: 6px;\">\u00a0<\/div><h2 class=\"p2\">\u00a0\u00bfQu\u00e9 artistas favoritos remarcar\u00edas?<\/h2><p>Tengo una gran lista, pero si debo mencionar algunos en concreto ser\u00edan los siguientes. En cuesti\u00f3n de dibujo a Yamio, Illya Kushinov y Ross Tran. Sobre dise\u00f1o gr\u00e1fico, no podr\u00eda decir a nadie. Sin irme lejos, tengo personas a mi alrededor que amo sus dise\u00f1os e incluso compa\u00f1eros de la universidad. Respecto a animaciones, me encantan tanto todas que no podr\u00eda elegir una. Mis ojos emiten brillos peores que los de Shin Chan cuando quiere galletas de chocolate.<\/p><p>\u00a0<\/p>\t\t\t\t\t\t<\/div>\n\t\t\t\t<\/div>\n\t\t\t\t<div class=\"elementor-element elementor-element-1129dc79 faqh4 elementor-widget elementor-widget-heading\" data-id=\"1129dc79\" data-element_type=\"widget\" id=\"faqh4\" data-widget_type=\"heading.default\">\n\t\t\t\t<div class=\"elementor-widget-container\">\n\t\t\t<h1 class=\"elementor-heading-title elementor-size-default\">4. Peticiones<\/h1>\t\t<\/div>\n\t\t\t\t<\/div>\n\t\t\t\t<div class=\"elementor-element elementor-element-71c87691 faq4 elementor-widget elementor-widget-text-editor\" data-id=\"71c87691\" data-element_type=\"widget\" data-widget_type=\"text-editor.default\">\n\t\t\t\t<div class=\"elementor-widget-container\">\n\t\t\t\t\t\t\t<div class=\"polig\" style=\"width: 25px; height: 25px; background: #f7d160; float: left; margin-top: 6px;\">\u00a0<\/div><h2 class=\"p2\">\u00a0\u00bfHaces comisiones, request, art trades, collabs&#8230;?<\/h2><p>No, no hago <b>request<\/b>, hago los proyectos seg\u00fan me inspiran.<\/p><p>Respecto a las comisiones, s\u00ed. Puedes encontrar m\u00e1s informaci\u00f3n en <a href=\"https:\/\/hyemistarlight.com\/comission\/\">este enlace<\/a>.<\/p><p>Por lo que hace a las colaboraciones y art trades, s\u00ed, solamente debes ponerte en contacto conmigo. Ten en cuenta que cada uno tiene sus tiempos, as\u00ed que ten cuidado si pones una fecha corta o quieres una respuesta inmediata. Probablemente rechace.<\/p><div class=\"polig\" style=\"width: 25px; height: 25px; background: #f7d160; float: left; margin-top: 6px;\">\u00a0<\/div><h2 class=\"p2\">\u00a0\u00bfPodemos ser amigos?<\/h2><p>Perm\u00edteme decirlo r\u00e1pido, no. \u00bfPor qu\u00e9? Por que la amistad no debe ser forzada, surge a base de conocerte y tratarte. Si realmente quieres que tengamos una amistad, dale tiempo al tiempo. Surjir\u00e1.<\/p><p>Lo mismo ocurre con el volverme un seguidor de alguien. Si sigo a alguien es porque quiero y nace de m\u00ed. Tenlo en cuenta, por favor.<\/p><div class=\"polig\" style=\"width: 25px; height: 25px; background: #f7d160; float: left; margin-top: 6px;\">\u00a0<\/div><h2 class=\"p2\">\u00a0\u00bfPuedes participar o donar algo en mi concurso?<\/h2><p>S\u00ed, siempre que me des un tiempo a ello acorde a la situaci\u00f3n a la que me encuentre.<\/p><div class=\"polig\" style=\"width: 25px; height: 25px; background: #f7d160; float: left; margin-top: 6px;\">\u00a0<\/div><h2 class=\"p2\">\u00a0\u00bfPuedes pasarte por mi p\u00e1gina y darme tu opini\u00f3n? \u00bfO corregirme alg\u00fan proyecto?<\/h2><p>Me hace muy feliz ayudar a las personas, si no tienes prisa alguna para ello. Estar\u00e9 encantada de darte una opini\u00f3n completamente constructiva de tus proyectos.<\/p><p>Respecto a las correcciones de dibujo, lo siento pero no siempre estoy disponible para ello. Aun as\u00ed, no temas por escribirme y preguntarmelo.<\/p>\t\t\t\t\t\t<\/div>\n\t\t\t\t<\/div>\n\t\t\t\t<div class=\"elementor-element elementor-element-20d0e63e faqh5 elementor-widget elementor-widget-heading\" data-id=\"20d0e63e\" data-element_type=\"widget\" id=\"faqh5\" data-widget_type=\"heading.default\">\n\t\t\t\t<div class=\"elementor-widget-container\">\n\t\t\t<h1 class=\"elementor-heading-title elementor-size-default\">5. Otros<\/h1>\t\t<\/div>\n\t\t\t\t<\/div>\n\t\t\t\t<div class=\"elementor-element elementor-element-7bd8a888 faq5 elementor-widget elementor-widget-text-editor\" data-id=\"7bd8a888\" data-element_type=\"widget\" data-widget_type=\"text-editor.default\">\n\t\t\t\t<div class=\"elementor-widget-container\">\n\t\t\t\t\t\t\t<div class=\"polig\" style=\"width: 25px; height: 25px; background: #82d8a7; float: left; margin-top: 6px;\">\u00a0<\/div><h2 class=\"p2\">\u00a0\u00bfPuedo hacerte un regalo\/dibujar a tus OC&#8217;s?<\/h2><p>\u00a1Claro! Me har\u00eda much\u00edsima ilusi\u00f3n. Solamente te pido que no hagas nada pornogr\u00e1fico o gore. No soy muy amante de \u00e9stos g\u00e9neros, lo siento.<\/p><p>No olvides mandarme el enlace, \u00a1estar\u00e9 encantada de recibirlo!<\/p><div class=\"polig\" style=\"width: 25px; height: 25px; background: #82d8a7; float: left; margin-top: 6px;\">\u00a0<\/div><h2 class=\"p2\">\u00a0\u00bfTienes Facebook, Twitter, alguna red social&#8230;?<\/h2><p>S\u00ed, puedes darle un ojo a <a href=\"https:\/\/hyemistarlight.com\/social-network\/\">esta lista<\/a> de todos los sitios en donde encontrarme.<\/p><div class=\"polig\" style=\"width: 25px; height: 25px; background: #82d8a7; float: left; margin-top: 6px;\">\u00a0<\/div><h2 class=\"p2\">\u00a0\u00bfQui\u00e9n ha hecho tu p\u00e1gina web?<\/h2><p>Yo misma, una de mis especializaciones es la programaci\u00f3n. La web est\u00e1 hecha con WordPress y elementor, pero bastantes objetos est\u00e1n est\u00e1n programados por mi misma.<\/p><div class=\"polig\" style=\"width: 25px; height: 25px; background: #82d8a7; float: left; margin-top: 6px;\">\u00a0<\/div><h2 class=\"p2\">\u00a0He encontrado a alguien calcando\/copiando\/vendiendo\/resubiendo tus proyectos \u00bfqu\u00e9 debo hacer?<\/h2><p>Avisame en cuanto te sea posible (por comentarios, correo, mensajes privados en mis redes sociales&#8230;). Pero no hagas nada m\u00e1s, no insultes ni amenazes a la otra persona. Yo misma me encargar\u00e9 de todo.<\/p>\t\t\t\t\t\t<\/div>\n\t\t\t\t<\/div>\n\t\t\t\t\t<\/div>\n\t\t<\/div>\n\t\t\t\t\t\t\t<\/div>\n\t\t<\/section>\n\t\t\t\t\t\t\t<\/div>\n\t\t","protected":false},"excerpt":{"rendered":"<p>1. Materiales y programas &nbsp;\u00bfQu\u00e9 programa utilizas para realizar las ilustraciones o proyectos? Usualmente trabajo en PhotoShop 2020, aunque tambi\u00e9n utilizo bastante el Illustrator, After Effects e InDesign. &nbsp;\u00bfQu\u00e9 software usas para hacer los modelos 3D? Desde la universidad, me ense\u00f1aron siempre a usar Maya, por lo que trabajo siempre con su \u00faltima versi\u00f3n. No [&hellip;]<\/p>\n","protected":false},"author":1,"featured_media":0,"parent":0,"menu_order":0,"comment_status":"closed","ping_status":"closed","template":"","meta":{"footnotes":""},"class_list":["post-86","page","type-page","status-publish","hentry"],"_links":{"self":[{"href":"https:\/\/www.hyemisart.com\/index.php\/wp-json\/wp\/v2\/pages\/86","targetHints":{"allow":["GET"]}}],"collection":[{"href":"https:\/\/www.hyemisart.com\/index.php\/wp-json\/wp\/v2\/pages"}],"about":[{"href":"https:\/\/www.hyemisart.com\/index.php\/wp-json\/wp\/v2\/types\/page"}],"author":[{"embeddable":true,"href":"https:\/\/www.hyemisart.com\/index.php\/wp-json\/wp\/v2\/users\/1"}],"replies":[{"embeddable":true,"href":"https:\/\/www.hyemisart.com\/index.php\/wp-json\/wp\/v2\/comments?post=86"}],"version-history":[{"count":6,"href":"https:\/\/www.hyemisart.com\/index.php\/wp-json\/wp\/v2\/pages\/86\/revisions"}],"predecessor-version":[{"id":226,"href":"https:\/\/www.hyemisart.com\/index.php\/wp-json\/wp\/v2\/pages\/86\/revisions\/226"}],"wp:attachment":[{"href":"https:\/\/www.hyemisart.com\/index.php\/wp-json\/wp\/v2\/media?parent=86"}],"curies":[{"name":"wp","href":"https:\/\/api.w.org\/{rel}","templated":true}]}}